{"id":1473,"date":"2022-06-24T17:55:15","date_gmt":"2022-06-24T15:55:15","guid":{"rendered":"https:\/\/tps.travel\/aus-und-weiterbildung\/"},"modified":"2022-09-30T14:21:48","modified_gmt":"2022-09-30T12:21:48","slug":"formation-formation-continue","status":"publish","type":"page","link":"https:\/\/tps.travel\/fr\/formation-formation-continue\/","title":{"rendered":"Formation &#038; Formation continue"},"content":{"rendered":"<div class=\"wpb-content-wrapper\"><p>[vc_section css=\u00a0\u00bb.vc_custom_1656015367971{padding-bottom: 0px !important;}\u00a0\u00bb][vc_row full_width=\u00a0\u00bbstretch_row_content_no_spaces\u00a0\u00bb][vc_column]<div class=\"custom-top-banner img-box \" style=\"background-image: url(https:\/\/tps.travel\/wp-content\/uploads\/2022\/06\/banner-weiterbildung.jpg)\"><div class=\"container relative\"><div class=\"text-box align-center\"><h1>Formation &#038; Formation continue<\/h1><\/div><\/div><\/div>[\/vc_column][\/vc_row][\/vc_section][vc_section el_class=\u00a0\u00bbbg-9&Prime; css=\u00a0\u00bb.vc_custom_1656016243963{padding-top: 30px !important;}\u00a0\u00bb][vc_row][vc_column]<div class=\"breadcrumbs\"><label><\/label> <a href=\"https:\/\/tps.travel\/fr\/\">Home<\/a><\/div>[vc_column_text]Nos entreprises membres TPS proposent diverses <strong>possibilit\u00e9s de formation<\/strong>, par exemple pour les agents de voyages, les informaticiens ou le marketing. Vous \u00eates membre TPS et d\u00e9sirez proposer un poste attractif ? Alors n&rsquo;h\u00e9sitez pas \u00e0 le publier ici.<\/p>\n<p><strong>La formation continue<\/strong> est une priorit\u00e9 absolue pour les entreprises membres de TPS. Que ce soit sous la forme de <strong>voyages d&rsquo;\u00e9tude<\/strong> vers des destinations attractives ou <strong>d&rsquo;ateliers, de cours pour les syst\u00e8mes de r\u00e9servation ou d&rsquo;\u00e9v\u00e9nements de team building<\/strong>, vous ne cessez jamais d&rsquo;apprendre chez TPS. En tant qu&rsquo;entreprise membre de TPS, avez-vous une offre de formation continue int\u00e9ressante ? Alors n&rsquo;h\u00e9sitez pas \u00e0 le publier ici.[\/vc_column_text][\/vc_column][\/vc_row][vc_row][vc_column][\/vc_column][\/vc_row][vc_row][vc_column][\/vc_column][\/vc_row][vc_row][vc_column]<div class=\"text-center wpb_content_element\"><a href=\"https:\/\/tps.travel\/fr\/contact\/\" target=\"_self\" class=\"custom-btn alt\">Contact<\/a><\/div>[\/vc_column][\/vc_row][\/vc_section]<\/p>\n<\/div>","protected":false},"excerpt":{"rendered":"<p>[vc_section css=\u00a0\u00bb.vc_custom_1656015367971{padding-bottom: 0px !important;}\u00a0\u00bb][vc_row full_width=\u00a0\u00bbstretch_row_content_no_spaces\u00a0\u00bb][vc_column][\/vc_column][\/vc_row][\/vc_section][vc_section el_class=\u00a0\u00bbbg-9&Prime; css=\u00a0\u00bb.vc_custom_1656016243963{padding-top: 30px !important;}\u00a0\u00bb][vc_row][vc_column][vc_column_text]Nos entreprises membres TPS proposent diverses possibilit\u00e9s de formation, par exemple pour les agents de voyages, les informaticiens ou le marketing. Vous \u00eates membre TPS et d\u00e9sirez proposer un poste attractif ? Alors n&rsquo;h\u00e9sitez pas \u00e0 le publier ici. La formation continue est une priorit\u00e9 absolue pour [&hellip;]<\/p>\n","protected":false},"author":1,"featured_media":0,"parent":0,"menu_order":0,"comment_status":"closed","ping_status":"closed","template":"","meta":{"_acf_changed":false,"footnotes":""},"class_list":["post-1473","page","type-page","status-publish","hentry"],"acf":[],"yoast_head":"<!-- This site is optimized with the Yoast SEO plugin v27.1.1 - https:\/\/yoast.com\/product\/yoast-seo-wordpress\/ -->\n<title>Formation &amp; Formation continue &#8211; TPS<\/title>\n<meta name=\"robots\" content=\"index, follow, max-snippet:-1, max-image-preview:large, max-video-preview:-1\" \/>\n<link rel=\"canonical\" href=\"https:\/\/tps.travel\/fr\/formation-formation-continue\/\" \/>\n<meta property=\"og:locale\" content=\"fr_FR\" \/>\n<meta property=\"og:type\" content=\"article\" \/>\n<meta property=\"og:title\" content=\"Formation &amp; Formation continue &#8211; TPS\" \/>\n<meta property=\"og:description\" content=\"[vc_section css=\u00a0\u00bb.vc_custom_1656015367971{padding-bottom: 0px !important;}\u00a0\u00bb][vc_row full_width=\u00a0\u00bbstretch_row_content_no_spaces\u00a0\u00bb][vc_column][\/vc_column][\/vc_row][\/vc_section][vc_section el_class=\u00a0\u00bbbg-9&Prime; css=\u00a0\u00bb.vc_custom_1656016243963{padding-top: 30px !important;}\u00a0\u00bb][vc_row][vc_column][vc_column_text]Nos entreprises membres TPS proposent diverses possibilit\u00e9s de formation, par exemple pour les agents de voyages, les informaticiens ou le marketing. Vous \u00eates membre TPS et d\u00e9sirez proposer un poste attractif ? Alors n&rsquo;h\u00e9sitez pas \u00e0 le publier ici. La formation continue est une priorit\u00e9 absolue pour [&hellip;]\" \/>\n<meta property=\"og:url\" content=\"https:\/\/tps.travel\/fr\/formation-formation-continue\/\" \/>\n<meta property=\"og:site_name\" content=\"TPS\" \/>\n<meta property=\"article:modified_time\" content=\"2022-09-30T12:21:48+00:00\" \/>\n<meta property=\"og:image\" content=\"https:\/\/tps.travel\/wp-content\/uploads\/2022\/06\/logo-blau.jpg\" \/>\n\t<meta property=\"og:image:width\" content=\"580\" \/>\n\t<meta property=\"og:image:height\" content=\"380\" \/>\n\t<meta property=\"og:image:type\" content=\"image\/jpeg\" \/>\n<meta name=\"twitter:card\" content=\"summary_large_image\" \/>\n<meta name=\"twitter:label1\" content=\"Dur\u00e9e de lecture estim\u00e9e\" \/>\n\t<meta name=\"twitter:data1\" content=\"1 minute\" \/>\n<script type=\"application\/ld+json\" class=\"yoast-schema-graph\">{\"@context\":\"https:\/\/schema.org\",\"@graph\":[{\"@type\":\"WebPage\",\"@id\":\"https:\/\/tps.travel\/fr\/formation-formation-continue\/\",\"url\":\"https:\/\/tps.travel\/fr\/formation-formation-continue\/\",\"name\":\"Formation & Formation continue &#8211; TPS\",\"isPartOf\":{\"@id\":\"https:\/\/tps.travel\/fr\/#website\"},\"datePublished\":\"2022-06-24T15:55:15+00:00\",\"dateModified\":\"2022-09-30T12:21:48+00:00\",\"breadcrumb\":{\"@id\":\"https:\/\/tps.travel\/fr\/formation-formation-continue\/#breadcrumb\"},\"inLanguage\":\"fr-FR\",\"potentialAction\":[{\"@type\":\"ReadAction\",\"target\":[\"https:\/\/tps.travel\/fr\/formation-formation-continue\/\"]}]},{\"@type\":\"BreadcrumbList\",\"@id\":\"https:\/\/tps.travel\/fr\/formation-formation-continue\/#breadcrumb\",\"itemListElement\":[{\"@type\":\"ListItem\",\"position\":1,\"name\":\"Home\",\"item\":\"https:\/\/tps.travel\/fr\/\"},{\"@type\":\"ListItem\",\"position\":2,\"name\":\"Formation &#038; Formation continue\"}]},{\"@type\":\"WebSite\",\"@id\":\"https:\/\/tps.travel\/fr\/#website\",\"url\":\"https:\/\/tps.travel\/fr\/\",\"name\":\"TPS\",\"description\":\"TRAVEL PROFESSIONALS SWITZERLAND\",\"publisher\":{\"@id\":\"https:\/\/tps.travel\/fr\/#organization\"},\"potentialAction\":[{\"@type\":\"SearchAction\",\"target\":{\"@type\":\"EntryPoint\",\"urlTemplate\":\"https:\/\/tps.travel\/fr\/?s={search_term_string}\"},\"query-input\":{\"@type\":\"PropertyValueSpecification\",\"valueRequired\":true,\"valueName\":\"search_term_string\"}}],\"inLanguage\":\"fr-FR\"},{\"@type\":\"Organization\",\"@id\":\"https:\/\/tps.travel\/fr\/#organization\",\"name\":\"TRAVEL PROFESSIONALS SWITZERLAND\",\"url\":\"https:\/\/tps.travel\/fr\/\",\"logo\":{\"@type\":\"ImageObject\",\"inLanguage\":\"fr-FR\",\"@id\":\"https:\/\/tps.travel\/fr\/#\/schema\/logo\/image\/\",\"url\":\"https:\/\/tps.travel\/wp-content\/uploads\/2022\/06\/logo-blau.jpg\",\"contentUrl\":\"https:\/\/tps.travel\/wp-content\/uploads\/2022\/06\/logo-blau.jpg\",\"width\":580,\"height\":380,\"caption\":\"TRAVEL PROFESSIONALS SWITZERLAND\"},\"image\":{\"@id\":\"https:\/\/tps.travel\/fr\/#\/schema\/logo\/image\/\"}}]}<\/script>\n<!-- \/ Yoast SEO plugin. -->","yoast_head_json":{"title":"Formation & Formation continue &#8211; TPS","robots":{"index":"index","follow":"follow","max-snippet":"max-snippet:-1","max-image-preview":"max-image-preview:large","max-video-preview":"max-video-preview:-1"},"canonical":"https:\/\/tps.travel\/fr\/formation-formation-continue\/","og_locale":"fr_FR","og_type":"article","og_title":"Formation & Formation continue &#8211; TPS","og_description":"[vc_section css=\u00a0\u00bb.vc_custom_1656015367971{padding-bottom: 0px !important;}\u00a0\u00bb][vc_row full_width=\u00a0\u00bbstretch_row_content_no_spaces\u00a0\u00bb][vc_column][\/vc_column][\/vc_row][\/vc_section][vc_section el_class=\u00a0\u00bbbg-9&Prime; css=\u00a0\u00bb.vc_custom_1656016243963{padding-top: 30px !important;}\u00a0\u00bb][vc_row][vc_column][vc_column_text]Nos entreprises membres TPS proposent diverses possibilit\u00e9s de formation, par exemple pour les agents de voyages, les informaticiens ou le marketing. Vous \u00eates membre TPS et d\u00e9sirez proposer un poste attractif ? Alors n&rsquo;h\u00e9sitez pas \u00e0 le publier ici. La formation continue est une priorit\u00e9 absolue pour [&hellip;]","og_url":"https:\/\/tps.travel\/fr\/formation-formation-continue\/","og_site_name":"TPS","article_modified_time":"2022-09-30T12:21:48+00:00","og_image":[{"width":580,"height":380,"url":"https:\/\/tps.travel\/wp-content\/uploads\/2022\/06\/logo-blau.jpg","type":"image\/jpeg"}],"twitter_card":"summary_large_image","twitter_misc":{"Dur\u00e9e de lecture estim\u00e9e":"1 minute"},"schema":{"@context":"https:\/\/schema.org","@graph":[{"@type":"WebPage","@id":"https:\/\/tps.travel\/fr\/formation-formation-continue\/","url":"https:\/\/tps.travel\/fr\/formation-formation-continue\/","name":"Formation & Formation continue &#8211; TPS","isPartOf":{"@id":"https:\/\/tps.travel\/fr\/#website"},"datePublished":"2022-06-24T15:55:15+00:00","dateModified":"2022-09-30T12:21:48+00:00","breadcrumb":{"@id":"https:\/\/tps.travel\/fr\/formation-formation-continue\/#breadcrumb"},"inLanguage":"fr-FR","potentialAction":[{"@type":"ReadAction","target":["https:\/\/tps.travel\/fr\/formation-formation-continue\/"]}]},{"@type":"BreadcrumbList","@id":"https:\/\/tps.travel\/fr\/formation-formation-continue\/#breadcrumb","itemListElement":[{"@type":"ListItem","position":1,"name":"Home","item":"https:\/\/tps.travel\/fr\/"},{"@type":"ListItem","position":2,"name":"Formation &#038; Formation continue"}]},{"@type":"WebSite","@id":"https:\/\/tps.travel\/fr\/#website","url":"https:\/\/tps.travel\/fr\/","name":"TPS","description":"TRAVEL PROFESSIONALS SWITZERLAND","publisher":{"@id":"https:\/\/tps.travel\/fr\/#organization"},"potentialAction":[{"@type":"SearchAction","target":{"@type":"EntryPoint","urlTemplate":"https:\/\/tps.travel\/fr\/?s={search_term_string}"},"query-input":{"@type":"PropertyValueSpecification","valueRequired":true,"valueName":"search_term_string"}}],"inLanguage":"fr-FR"},{"@type":"Organization","@id":"https:\/\/tps.travel\/fr\/#organization","name":"TRAVEL PROFESSIONALS SWITZERLAND","url":"https:\/\/tps.travel\/fr\/","logo":{"@type":"ImageObject","inLanguage":"fr-FR","@id":"https:\/\/tps.travel\/fr\/#\/schema\/logo\/image\/","url":"https:\/\/tps.travel\/wp-content\/uploads\/2022\/06\/logo-blau.jpg","contentUrl":"https:\/\/tps.travel\/wp-content\/uploads\/2022\/06\/logo-blau.jpg","width":580,"height":380,"caption":"TRAVEL PROFESSIONALS SWITZERLAND"},"image":{"@id":"https:\/\/tps.travel\/fr\/#\/schema\/logo\/image\/"}}]}},"_links":{"self":[{"href":"https:\/\/tps.travel\/fr\/wp-json\/wp\/v2\/pages\/1473","targetHints":{"allow":["GET"]}}],"collection":[{"href":"https:\/\/tps.travel\/fr\/wp-json\/wp\/v2\/pages"}],"about":[{"href":"https:\/\/tps.travel\/fr\/wp-json\/wp\/v2\/types\/page"}],"author":[{"embeddable":true,"href":"https:\/\/tps.travel\/fr\/wp-json\/wp\/v2\/users\/1"}],"replies":[{"embeddable":true,"href":"https:\/\/tps.travel\/fr\/wp-json\/wp\/v2\/comments?post=1473"}],"version-history":[{"count":6,"href":"https:\/\/tps.travel\/fr\/wp-json\/wp\/v2\/pages\/1473\/revisions"}],"predecessor-version":[{"id":7272,"href":"https:\/\/tps.travel\/fr\/wp-json\/wp\/v2\/pages\/1473\/revisions\/7272"}],"wp:attachment":[{"href":"https:\/\/tps.travel\/fr\/wp-json\/wp\/v2\/media?parent=1473"}],"curies":[{"name":"wp","href":"https:\/\/api.w.org\/{rel}","templated":true}]}}