{"id":4055,"date":"2022-08-05T16:11:55","date_gmt":"2022-08-05T14:11:55","guid":{"rendered":"https:\/\/tps.travel\/faq\/"},"modified":"2026-04-20T10:47:13","modified_gmt":"2026-04-20T08:47:13","slug":"faq","status":"publish","type":"page","link":"https:\/\/tps.travel\/fr\/faq\/","title":{"rendered":"FAQ"},"content":{"rendered":"<div class=\"wpb-content-wrapper\"><p>[vc_section css=\u00a0\u00bb.vc_custom_1656015367971{padding-bottom: 0px !important;}\u00a0\u00bb][vc_row full_width=\u00a0\u00bbstretch_row_content_no_spaces\u00a0\u00bb][vc_column]<div class=\"custom-top-banner img-box \" style=\"background-image: url(https:\/\/tps.travel\/wp-content\/uploads\/2022\/08\/faq-Rucksack_Kamera_Strohhut_aufBahnsteig_shutterstock_785154337.jpg)\"><div class=\"container relative\"><div class=\"text-box align-center\"><h1>FAQ<\/h1><\/div><\/div><\/div>[\/vc_column][\/vc_row][\/vc_section][vc_section el_class=\u00a0\u00bbbg-9&Prime; css=\u00a0\u00bb.vc_custom_1656016243963{padding-top: 30px !important;}\u00a0\u00bb][vc_row][vc_column]<div class=\"breadcrumbs\"><label><\/label> <a href=\"https:\/\/tps.travel\/fr\/\">Home<\/a><\/div>[vc_column_text]Les questions auxquelles nous avons d\u00e9j\u00e0 r\u00e9pondu seront d\u00e9plac\u00e9es vers la section FAQ avec les r\u00e9ponses. Cela vaut donc la peine si votre question n&rsquo;a pas encore re\u00e7u de r\u00e9ponse.<\/p>\n<p>Vous avez une question qui n&rsquo;a pas trouv\u00e9 de r\u00e9ponse dans la FAQ, une suggestion d&rsquo;am\u00e9lioration ou un autre souci ? Alors \u00e9crivez-nous en cliquant sur le lien ci-dessous. Nous traiterons votre question ou demande dans les plus brefs d\u00e9lais.[\/vc_column_text][\/vc_column][\/vc_row][vc_row][vc_column]<div class=\"text-center wpb_content_element\"><a href=\"https:\/\/tps.travel\/fr\/contact\/\" target=\"_self\" class=\"custom-btn alt\">Proposer une question<\/a><\/div>[\/vc_column][\/vc_row][vc_row][vc_column]<div class=\"no-image accordion wpb_content_element\"><div class=\"text-box\"><h3 class=\"entry-title\">FAQ's<\/h3><div class=\"wpb_text_column\"><p>Les principales questions en bref.<\/p>\n<\/div><\/div><div class=\"accordion-box\"><div class=\"box-toggle\"><div class=\"head-toggle\"><span class=\"icon\"><\/span><h5>Combien co\u00fbte l'adh\u00e9sion ?<\/h5><\/div><div class=\"content-toggle\">Achat d\u2019une part sociale remboursable : CHF 1000 et cotisation annuelle CHF 1290<\/div><\/div><div class=\"box-toggle\"><div class=\"head-toggle\"><span class=\"icon\"><\/span><h5>L'adh\u00e9sion \u00e0 TPS en vaut-elle la peine ?<\/h5><\/div><div class=\"content-toggle\">Oui, dans tous les cas ! Le retour sur investissement se fait largement financi\u00e8rement et sous forme d'autres avantages concrets.<\/div><\/div><div class=\"box-toggle\"><div class=\"head-toggle\"><span class=\"icon\"><\/span><h5>Existe-t-il une p\u00e9riode d'essai ?<\/h5><\/div><div class=\"content-toggle\">Non, mais vous pouvez d\u00e9missionner pour chaque fin d'exercice.<\/div><\/div><div class=\"box-toggle\"><div class=\"head-toggle\"><span class=\"icon\"><\/span><h5>Quelles sont les conditions d'admission ?<\/h5><\/div><div class=\"content-toggle\">Inscription au registre du commerce, garantie des fonds des clients et adoption des statuts, du r\u00e8glement commercial et du code de conduite.<\/div><\/div><div class=\"box-toggle\"><div class=\"head-toggle\"><span class=\"icon\"><\/span><h5>Avec quels fournisseurs travaille TPS ?<\/h5><\/div><div class=\"content-toggle\">TPS travaille avec tous les principaux fournisseurs tels que les voyagistes, les compagnies a\u00e9riennes, les GDS, les soci\u00e9t\u00e9s de location de voitures, etc.<\/div><\/div><div class=\"box-toggle\"><div class=\"head-toggle\"><span class=\"icon\"><\/span><h5>Existe-t-il une obligation de vendre certains produits ?<\/h5><\/div><div class=\"content-toggle\">Non, TPS met \u00e0 la disposition de ses adh\u00e9rents les conditions n\u00e9goci\u00e9es avec les fournisseurs sans qu'ils aient \u00e0 respecter un cahier des charges commercial. Les membres d\u00e9cident ainsi eux-m\u00eames quels fournisseurs ils pr\u00e9f\u00e8rent en fonction de la situation.<\/div><\/div><\/div><\/div>[\/vc_column][\/vc_row][\/vc_section]<\/p>\n<\/div>","protected":false},"excerpt":{"rendered":"<p>[vc_section css=\u00a0\u00bb.vc_custom_1656015367971{padding-bottom: 0px !important;}\u00a0\u00bb][vc_row full_width=\u00a0\u00bbstretch_row_content_no_spaces\u00a0\u00bb][vc_column][\/vc_column][\/vc_row][\/vc_section][vc_section el_class=\u00a0\u00bbbg-9&Prime; css=\u00a0\u00bb.vc_custom_1656016243963{padding-top: 30px !important;}\u00a0\u00bb][vc_row][vc_column][vc_column_text]Les questions auxquelles nous avons d\u00e9j\u00e0 r\u00e9pondu seront d\u00e9plac\u00e9es vers la section FAQ avec les r\u00e9ponses. Cela vaut donc la peine si votre question n&rsquo;a pas encore re\u00e7u de r\u00e9ponse. Vous avez une question qui n&rsquo;a pas trouv\u00e9 de r\u00e9ponse dans la FAQ, une suggestion d&rsquo;am\u00e9lioration ou [&hellip;]<\/p>\n","protected":false},"author":1,"featured_media":0,"parent":0,"menu_order":0,"comment_status":"closed","ping_status":"closed","template":"","meta":{"_acf_changed":false,"footnotes":""},"class_list":["post-4055","page","type-page","status-publish","hentry"],"acf":[],"yoast_head":"<!-- This site is optimized with the Yoast SEO plugin v27.5 - https:\/\/yoast.com\/product\/yoast-seo-wordpress\/ -->\n<title>FAQ &#8211; TPS<\/title>\n<meta name=\"robots\" content=\"index, follow, max-snippet:-1, max-image-preview:large, max-video-preview:-1\" \/>\n<link rel=\"canonical\" href=\"https:\/\/tps.travel\/fr\/faq\/\" \/>\n<meta property=\"og:locale\" content=\"fr_FR\" \/>\n<meta property=\"og:type\" content=\"article\" \/>\n<meta property=\"og:title\" content=\"FAQ &#8211; TPS\" \/>\n<meta property=\"og:description\" content=\"[vc_section css=\u00a0\u00bb.vc_custom_1656015367971{padding-bottom: 0px !important;}\u00a0\u00bb][vc_row full_width=\u00a0\u00bbstretch_row_content_no_spaces\u00a0\u00bb][vc_column][\/vc_column][\/vc_row][\/vc_section][vc_section el_class=\u00a0\u00bbbg-9&Prime; css=\u00a0\u00bb.vc_custom_1656016243963{padding-top: 30px !important;}\u00a0\u00bb][vc_row][vc_column][vc_column_text]Les questions auxquelles nous avons d\u00e9j\u00e0 r\u00e9pondu seront d\u00e9plac\u00e9es vers la section FAQ avec les r\u00e9ponses. Cela vaut donc la peine si votre question n&rsquo;a pas encore re\u00e7u de r\u00e9ponse. Vous avez une question qui n&rsquo;a pas trouv\u00e9 de r\u00e9ponse dans la FAQ, une suggestion d&rsquo;am\u00e9lioration ou [&hellip;]\" \/>\n<meta property=\"og:url\" content=\"https:\/\/tps.travel\/fr\/faq\/\" \/>\n<meta property=\"og:site_name\" content=\"TPS\" \/>\n<meta property=\"article:modified_time\" content=\"2026-04-20T08:47:13+00:00\" \/>\n<meta property=\"og:image\" content=\"https:\/\/tps.travel\/wp-content\/uploads\/2022\/06\/logo-blau.jpg\" \/>\n\t<meta property=\"og:image:width\" content=\"580\" \/>\n\t<meta property=\"og:image:height\" content=\"380\" \/>\n\t<meta property=\"og:image:type\" content=\"image\/jpeg\" \/>\n<meta name=\"twitter:card\" content=\"summary_large_image\" \/>\n<meta name=\"twitter:label1\" content=\"Dur\u00e9e de lecture estim\u00e9e\" \/>\n\t<meta name=\"twitter:data1\" content=\"1 minute\" \/>\n<script type=\"application\/ld+json\" class=\"yoast-schema-graph\">{\"@context\":\"https:\\\/\\\/schema.org\",\"@graph\":[{\"@type\":\"WebPage\",\"@id\":\"https:\\\/\\\/tps.travel\\\/fr\\\/faq\\\/\",\"url\":\"https:\\\/\\\/tps.travel\\\/fr\\\/faq\\\/\",\"name\":\"FAQ &#8211; TPS\",\"isPartOf\":{\"@id\":\"https:\\\/\\\/tps.travel\\\/fr\\\/#website\"},\"datePublished\":\"2022-08-05T14:11:55+00:00\",\"dateModified\":\"2026-04-20T08:47:13+00:00\",\"breadcrumb\":{\"@id\":\"https:\\\/\\\/tps.travel\\\/fr\\\/faq\\\/#breadcrumb\"},\"inLanguage\":\"fr-FR\",\"potentialAction\":[{\"@type\":\"ReadAction\",\"target\":[\"https:\\\/\\\/tps.travel\\\/fr\\\/faq\\\/\"]}]},{\"@type\":\"BreadcrumbList\",\"@id\":\"https:\\\/\\\/tps.travel\\\/fr\\\/faq\\\/#breadcrumb\",\"itemListElement\":[{\"@type\":\"ListItem\",\"position\":1,\"name\":\"Home\",\"item\":\"https:\\\/\\\/tps.travel\\\/fr\\\/\"},{\"@type\":\"ListItem\",\"position\":2,\"name\":\"FAQ\"}]},{\"@type\":\"WebSite\",\"@id\":\"https:\\\/\\\/tps.travel\\\/fr\\\/#website\",\"url\":\"https:\\\/\\\/tps.travel\\\/fr\\\/\",\"name\":\"TPS\",\"description\":\"TRAVEL PROFESSIONALS SWITZERLAND\",\"publisher\":{\"@id\":\"https:\\\/\\\/tps.travel\\\/fr\\\/#organization\"},\"potentialAction\":[{\"@type\":\"SearchAction\",\"target\":{\"@type\":\"EntryPoint\",\"urlTemplate\":\"https:\\\/\\\/tps.travel\\\/fr\\\/?s={search_term_string}\"},\"query-input\":{\"@type\":\"PropertyValueSpecification\",\"valueRequired\":true,\"valueName\":\"search_term_string\"}}],\"inLanguage\":\"fr-FR\"},{\"@type\":\"Organization\",\"@id\":\"https:\\\/\\\/tps.travel\\\/fr\\\/#organization\",\"name\":\"TRAVEL PROFESSIONALS SWITZERLAND\",\"url\":\"https:\\\/\\\/tps.travel\\\/fr\\\/\",\"logo\":{\"@type\":\"ImageObject\",\"inLanguage\":\"fr-FR\",\"@id\":\"https:\\\/\\\/tps.travel\\\/fr\\\/#\\\/schema\\\/logo\\\/image\\\/\",\"url\":\"https:\\\/\\\/tps.travel\\\/wp-content\\\/uploads\\\/2022\\\/06\\\/logo-blau.jpg\",\"contentUrl\":\"https:\\\/\\\/tps.travel\\\/wp-content\\\/uploads\\\/2022\\\/06\\\/logo-blau.jpg\",\"width\":580,\"height\":380,\"caption\":\"TRAVEL PROFESSIONALS SWITZERLAND\"},\"image\":{\"@id\":\"https:\\\/\\\/tps.travel\\\/fr\\\/#\\\/schema\\\/logo\\\/image\\\/\"}}]}<\/script>\n<!-- \/ Yoast SEO plugin. -->","yoast_head_json":{"title":"FAQ &#8211; TPS","robots":{"index":"index","follow":"follow","max-snippet":"max-snippet:-1","max-image-preview":"max-image-preview:large","max-video-preview":"max-video-preview:-1"},"canonical":"https:\/\/tps.travel\/fr\/faq\/","og_locale":"fr_FR","og_type":"article","og_title":"FAQ &#8211; TPS","og_description":"[vc_section css=\u00a0\u00bb.vc_custom_1656015367971{padding-bottom: 0px !important;}\u00a0\u00bb][vc_row full_width=\u00a0\u00bbstretch_row_content_no_spaces\u00a0\u00bb][vc_column][\/vc_column][\/vc_row][\/vc_section][vc_section el_class=\u00a0\u00bbbg-9&Prime; css=\u00a0\u00bb.vc_custom_1656016243963{padding-top: 30px !important;}\u00a0\u00bb][vc_row][vc_column][vc_column_text]Les questions auxquelles nous avons d\u00e9j\u00e0 r\u00e9pondu seront d\u00e9plac\u00e9es vers la section FAQ avec les r\u00e9ponses. Cela vaut donc la peine si votre question n&rsquo;a pas encore re\u00e7u de r\u00e9ponse. Vous avez une question qui n&rsquo;a pas trouv\u00e9 de r\u00e9ponse dans la FAQ, une suggestion d&rsquo;am\u00e9lioration ou [&hellip;]","og_url":"https:\/\/tps.travel\/fr\/faq\/","og_site_name":"TPS","article_modified_time":"2026-04-20T08:47:13+00:00","og_image":[{"width":580,"height":380,"url":"https:\/\/tps.travel\/wp-content\/uploads\/2022\/06\/logo-blau.jpg","type":"image\/jpeg"}],"twitter_card":"summary_large_image","twitter_misc":{"Dur\u00e9e de lecture estim\u00e9e":"1 minute"},"schema":{"@context":"https:\/\/schema.org","@graph":[{"@type":"WebPage","@id":"https:\/\/tps.travel\/fr\/faq\/","url":"https:\/\/tps.travel\/fr\/faq\/","name":"FAQ &#8211; TPS","isPartOf":{"@id":"https:\/\/tps.travel\/fr\/#website"},"datePublished":"2022-08-05T14:11:55+00:00","dateModified":"2026-04-20T08:47:13+00:00","breadcrumb":{"@id":"https:\/\/tps.travel\/fr\/faq\/#breadcrumb"},"inLanguage":"fr-FR","potentialAction":[{"@type":"ReadAction","target":["https:\/\/tps.travel\/fr\/faq\/"]}]},{"@type":"BreadcrumbList","@id":"https:\/\/tps.travel\/fr\/faq\/#breadcrumb","itemListElement":[{"@type":"ListItem","position":1,"name":"Home","item":"https:\/\/tps.travel\/fr\/"},{"@type":"ListItem","position":2,"name":"FAQ"}]},{"@type":"WebSite","@id":"https:\/\/tps.travel\/fr\/#website","url":"https:\/\/tps.travel\/fr\/","name":"TPS","description":"TRAVEL PROFESSIONALS SWITZERLAND","publisher":{"@id":"https:\/\/tps.travel\/fr\/#organization"},"potentialAction":[{"@type":"SearchAction","target":{"@type":"EntryPoint","urlTemplate":"https:\/\/tps.travel\/fr\/?s={search_term_string}"},"query-input":{"@type":"PropertyValueSpecification","valueRequired":true,"valueName":"search_term_string"}}],"inLanguage":"fr-FR"},{"@type":"Organization","@id":"https:\/\/tps.travel\/fr\/#organization","name":"TRAVEL PROFESSIONALS SWITZERLAND","url":"https:\/\/tps.travel\/fr\/","logo":{"@type":"ImageObject","inLanguage":"fr-FR","@id":"https:\/\/tps.travel\/fr\/#\/schema\/logo\/image\/","url":"https:\/\/tps.travel\/wp-content\/uploads\/2022\/06\/logo-blau.jpg","contentUrl":"https:\/\/tps.travel\/wp-content\/uploads\/2022\/06\/logo-blau.jpg","width":580,"height":380,"caption":"TRAVEL PROFESSIONALS SWITZERLAND"},"image":{"@id":"https:\/\/tps.travel\/fr\/#\/schema\/logo\/image\/"}}]}},"_links":{"self":[{"href":"https:\/\/tps.travel\/fr\/wp-json\/wp\/v2\/pages\/4055","targetHints":{"allow":["GET"]}}],"collection":[{"href":"https:\/\/tps.travel\/fr\/wp-json\/wp\/v2\/pages"}],"about":[{"href":"https:\/\/tps.travel\/fr\/wp-json\/wp\/v2\/types\/page"}],"author":[{"embeddable":true,"href":"https:\/\/tps.travel\/fr\/wp-json\/wp\/v2\/users\/1"}],"replies":[{"embeddable":true,"href":"https:\/\/tps.travel\/fr\/wp-json\/wp\/v2\/comments?post=4055"}],"version-history":[{"count":11,"href":"https:\/\/tps.travel\/fr\/wp-json\/wp\/v2\/pages\/4055\/revisions"}],"predecessor-version":[{"id":60160,"href":"https:\/\/tps.travel\/fr\/wp-json\/wp\/v2\/pages\/4055\/revisions\/60160"}],"wp:attachment":[{"href":"https:\/\/tps.travel\/fr\/wp-json\/wp\/v2\/media?parent=4055"}],"curies":[{"name":"wp","href":"https:\/\/api.w.org\/{rel}","templated":true}]}}