{"id":4065,"date":"2022-08-05T17:15:58","date_gmt":"2022-08-05T15:15:58","guid":{"rendered":"https:\/\/tps.travel\/tps-diskussionsforum\/"},"modified":"2022-09-16T14:27:10","modified_gmt":"2022-09-16T12:27:10","slug":"forum-de-discussion","status":"publish","type":"page","link":"https:\/\/tps.travel\/fr\/forum-de-discussion\/","title":{"rendered":"Forum de discussion"},"content":{"rendered":"<div class=\"wpb-content-wrapper\"><p>[vc_section css=\u00a0\u00bb.vc_custom_1656015367971{padding-bottom: 0px !important;}\u00a0\u00bb][vc_row full_width=\u00a0\u00bbstretch_row_content_no_spaces\u00a0\u00bb][vc_column]<div class=\"custom-top-banner img-box \" style=\"background-image: url(https:\/\/tps.travel\/wp-content\/uploads\/2022\/08\/Diskussions_Forum_shutterstock_1559872439.jpg)\"><div class=\"container relative\"><div class=\"text-box align-center\"><h1>Forum de discussion<\/h1><\/div><\/div><\/div>[\/vc_column][\/vc_row][\/vc_section][vc_section el_class=\u00a0\u00bbbg-9&Prime; css=\u00a0\u00bb.vc_custom_1656016243963{padding-top: 30px !important;}\u00a0\u00bb][vc_row][vc_column]<div class=\"breadcrumbs\"><label><\/label> <a href=\"https:\/\/tps.travel\/fr\/\">Home<\/a><\/div>[vc_column_text]Le lien \u00ab\u00a0Acc\u00e9der \u00e0 la section FAQ\u00a0\u00bb en bas vous am\u00e8ne \u00e0 notre zone FAQ. Vous y trouverez des r\u00e9ponses \u00e0 de nombreuses questions ou vous pouvez nous envoyer une question.<\/p>\n<p>Pour un \u00e9change g\u00e9n\u00e9ral entre nos membres, nous recommandons \u00e9galement le groupe d&rsquo;utilisateurs priv\u00e9s sur Facebook. Il vaut \u00e9galement la peine de revenir r\u00e9guli\u00e8rement ici pour se tenir au courant de ce qui se passe chez TPS et dans le monde du voyage. Le lien \u00ab\u00a0Consulter le Forum Facebook\u00a0\u00bb en bas vous m\u00e8nera directement au forum.[\/vc_column_text][\/vc_column][\/vc_row][vc_row][vc_column width=\u00a0\u00bb1\/2&Prime;]<div class=\"text-center wpb_content_element\"><a href=\"https:\/\/tps.travel\/fr\/faq\/\" target=\"_self\" class=\"custom-btn alt\">Acc\u00e9der \u00e0 la section FAQ<\/a><\/div>[\/vc_column][vc_column width=\u00a0\u00bb1\/2&Prime;]<div class=\"text-center wpb_content_element\"><a href=\"#\" target=\"_blank\" class=\"custom-btn alt\">Consulter le forum Facebook<\/a><\/div>[\/vc_column][\/vc_row][\/vc_section]<\/p>\n<\/div>","protected":false},"excerpt":{"rendered":"<p>[vc_section css=\u00a0\u00bb.vc_custom_1656015367971{padding-bottom: 0px !important;}\u00a0\u00bb][vc_row full_width=\u00a0\u00bbstretch_row_content_no_spaces\u00a0\u00bb][vc_column][\/vc_column][\/vc_row][\/vc_section][vc_section el_class=\u00a0\u00bbbg-9&Prime; css=\u00a0\u00bb.vc_custom_1656016243963{padding-top: 30px !important;}\u00a0\u00bb][vc_row][vc_column][vc_column_text]Le lien \u00ab\u00a0Acc\u00e9der \u00e0 la section FAQ\u00a0\u00bb en bas vous am\u00e8ne \u00e0 notre zone FAQ. Vous y trouverez des r\u00e9ponses \u00e0 de nombreuses questions ou vous pouvez nous envoyer une question. Pour un \u00e9change g\u00e9n\u00e9ral entre nos membres, nous recommandons \u00e9galement le groupe d&rsquo;utilisateurs priv\u00e9s sur Facebook. [&hellip;]<\/p>\n","protected":false},"author":1,"featured_media":0,"parent":0,"menu_order":0,"comment_status":"closed","ping_status":"closed","template":"","meta":{"_acf_changed":false,"footnotes":""},"class_list":["post-4065","page","type-page","status-publish","hentry"],"acf":[],"yoast_head":"<!-- This site is optimized with the Yoast SEO plugin v27.5 - https:\/\/yoast.com\/product\/yoast-seo-wordpress\/ -->\n<title>Forum de discussion &#8211; TPS<\/title>\n<meta name=\"robots\" content=\"index, follow, max-snippet:-1, max-image-preview:large, max-video-preview:-1\" \/>\n<link rel=\"canonical\" href=\"https:\/\/tps.travel\/fr\/forum-de-discussion\/\" \/>\n<meta property=\"og:locale\" content=\"fr_FR\" \/>\n<meta property=\"og:type\" content=\"article\" \/>\n<meta property=\"og:title\" content=\"Forum de discussion &#8211; TPS\" \/>\n<meta property=\"og:description\" content=\"[vc_section css=\u00a0\u00bb.vc_custom_1656015367971{padding-bottom: 0px !important;}\u00a0\u00bb][vc_row full_width=\u00a0\u00bbstretch_row_content_no_spaces\u00a0\u00bb][vc_column][\/vc_column][\/vc_row][\/vc_section][vc_section el_class=\u00a0\u00bbbg-9&Prime; css=\u00a0\u00bb.vc_custom_1656016243963{padding-top: 30px !important;}\u00a0\u00bb][vc_row][vc_column][vc_column_text]Le lien \u00ab\u00a0Acc\u00e9der \u00e0 la section FAQ\u00a0\u00bb en bas vous am\u00e8ne \u00e0 notre zone FAQ. Vous y trouverez des r\u00e9ponses \u00e0 de nombreuses questions ou vous pouvez nous envoyer une question. Pour un \u00e9change g\u00e9n\u00e9ral entre nos membres, nous recommandons \u00e9galement le groupe d&rsquo;utilisateurs priv\u00e9s sur Facebook. [&hellip;]\" \/>\n<meta property=\"og:url\" content=\"https:\/\/tps.travel\/fr\/forum-de-discussion\/\" \/>\n<meta property=\"og:site_name\" content=\"TPS\" \/>\n<meta property=\"article:modified_time\" content=\"2022-09-16T12:27:10+00:00\" \/>\n<meta property=\"og:image\" content=\"https:\/\/tps.travel\/wp-content\/uploads\/2022\/06\/logo-blau.jpg\" \/>\n\t<meta property=\"og:image:width\" content=\"580\" \/>\n\t<meta property=\"og:image:height\" content=\"380\" \/>\n\t<meta property=\"og:image:type\" content=\"image\/jpeg\" \/>\n<meta name=\"twitter:card\" content=\"summary_large_image\" \/>\n<meta name=\"twitter:label1\" content=\"Dur\u00e9e de lecture estim\u00e9e\" \/>\n\t<meta name=\"twitter:data1\" content=\"1 minute\" \/>\n<script type=\"application\/ld+json\" class=\"yoast-schema-graph\">{\"@context\":\"https:\\\/\\\/schema.org\",\"@graph\":[{\"@type\":\"WebPage\",\"@id\":\"https:\\\/\\\/tps.travel\\\/fr\\\/forum-de-discussion\\\/\",\"url\":\"https:\\\/\\\/tps.travel\\\/fr\\\/forum-de-discussion\\\/\",\"name\":\"Forum de discussion &#8211; TPS\",\"isPartOf\":{\"@id\":\"https:\\\/\\\/tps.travel\\\/fr\\\/#website\"},\"datePublished\":\"2022-08-05T15:15:58+00:00\",\"dateModified\":\"2022-09-16T12:27:10+00:00\",\"breadcrumb\":{\"@id\":\"https:\\\/\\\/tps.travel\\\/fr\\\/forum-de-discussion\\\/#breadcrumb\"},\"inLanguage\":\"fr-FR\",\"potentialAction\":[{\"@type\":\"ReadAction\",\"target\":[\"https:\\\/\\\/tps.travel\\\/fr\\\/forum-de-discussion\\\/\"]}]},{\"@type\":\"BreadcrumbList\",\"@id\":\"https:\\\/\\\/tps.travel\\\/fr\\\/forum-de-discussion\\\/#breadcrumb\",\"itemListElement\":[{\"@type\":\"ListItem\",\"position\":1,\"name\":\"Home\",\"item\":\"https:\\\/\\\/tps.travel\\\/fr\\\/\"},{\"@type\":\"ListItem\",\"position\":2,\"name\":\"Forum de discussion\"}]},{\"@type\":\"WebSite\",\"@id\":\"https:\\\/\\\/tps.travel\\\/fr\\\/#website\",\"url\":\"https:\\\/\\\/tps.travel\\\/fr\\\/\",\"name\":\"TPS\",\"description\":\"TRAVEL PROFESSIONALS SWITZERLAND\",\"publisher\":{\"@id\":\"https:\\\/\\\/tps.travel\\\/fr\\\/#organization\"},\"potentialAction\":[{\"@type\":\"SearchAction\",\"target\":{\"@type\":\"EntryPoint\",\"urlTemplate\":\"https:\\\/\\\/tps.travel\\\/fr\\\/?s={search_term_string}\"},\"query-input\":{\"@type\":\"PropertyValueSpecification\",\"valueRequired\":true,\"valueName\":\"search_term_string\"}}],\"inLanguage\":\"fr-FR\"},{\"@type\":\"Organization\",\"@id\":\"https:\\\/\\\/tps.travel\\\/fr\\\/#organization\",\"name\":\"TRAVEL PROFESSIONALS SWITZERLAND\",\"url\":\"https:\\\/\\\/tps.travel\\\/fr\\\/\",\"logo\":{\"@type\":\"ImageObject\",\"inLanguage\":\"fr-FR\",\"@id\":\"https:\\\/\\\/tps.travel\\\/fr\\\/#\\\/schema\\\/logo\\\/image\\\/\",\"url\":\"https:\\\/\\\/tps.travel\\\/wp-content\\\/uploads\\\/2022\\\/06\\\/logo-blau.jpg\",\"contentUrl\":\"https:\\\/\\\/tps.travel\\\/wp-content\\\/uploads\\\/2022\\\/06\\\/logo-blau.jpg\",\"width\":580,\"height\":380,\"caption\":\"TRAVEL PROFESSIONALS SWITZERLAND\"},\"image\":{\"@id\":\"https:\\\/\\\/tps.travel\\\/fr\\\/#\\\/schema\\\/logo\\\/image\\\/\"}}]}<\/script>\n<!-- \/ Yoast SEO plugin. -->","yoast_head_json":{"title":"Forum de discussion &#8211; TPS","robots":{"index":"index","follow":"follow","max-snippet":"max-snippet:-1","max-image-preview":"max-image-preview:large","max-video-preview":"max-video-preview:-1"},"canonical":"https:\/\/tps.travel\/fr\/forum-de-discussion\/","og_locale":"fr_FR","og_type":"article","og_title":"Forum de discussion &#8211; TPS","og_description":"[vc_section css=\u00a0\u00bb.vc_custom_1656015367971{padding-bottom: 0px !important;}\u00a0\u00bb][vc_row full_width=\u00a0\u00bbstretch_row_content_no_spaces\u00a0\u00bb][vc_column][\/vc_column][\/vc_row][\/vc_section][vc_section el_class=\u00a0\u00bbbg-9&Prime; css=\u00a0\u00bb.vc_custom_1656016243963{padding-top: 30px !important;}\u00a0\u00bb][vc_row][vc_column][vc_column_text]Le lien \u00ab\u00a0Acc\u00e9der \u00e0 la section FAQ\u00a0\u00bb en bas vous am\u00e8ne \u00e0 notre zone FAQ. Vous y trouverez des r\u00e9ponses \u00e0 de nombreuses questions ou vous pouvez nous envoyer une question. Pour un \u00e9change g\u00e9n\u00e9ral entre nos membres, nous recommandons \u00e9galement le groupe d&rsquo;utilisateurs priv\u00e9s sur Facebook. [&hellip;]","og_url":"https:\/\/tps.travel\/fr\/forum-de-discussion\/","og_site_name":"TPS","article_modified_time":"2022-09-16T12:27:10+00:00","og_image":[{"width":580,"height":380,"url":"https:\/\/tps.travel\/wp-content\/uploads\/2022\/06\/logo-blau.jpg","type":"image\/jpeg"}],"twitter_card":"summary_large_image","twitter_misc":{"Dur\u00e9e de lecture estim\u00e9e":"1 minute"},"schema":{"@context":"https:\/\/schema.org","@graph":[{"@type":"WebPage","@id":"https:\/\/tps.travel\/fr\/forum-de-discussion\/","url":"https:\/\/tps.travel\/fr\/forum-de-discussion\/","name":"Forum de discussion &#8211; TPS","isPartOf":{"@id":"https:\/\/tps.travel\/fr\/#website"},"datePublished":"2022-08-05T15:15:58+00:00","dateModified":"2022-09-16T12:27:10+00:00","breadcrumb":{"@id":"https:\/\/tps.travel\/fr\/forum-de-discussion\/#breadcrumb"},"inLanguage":"fr-FR","potentialAction":[{"@type":"ReadAction","target":["https:\/\/tps.travel\/fr\/forum-de-discussion\/"]}]},{"@type":"BreadcrumbList","@id":"https:\/\/tps.travel\/fr\/forum-de-discussion\/#breadcrumb","itemListElement":[{"@type":"ListItem","position":1,"name":"Home","item":"https:\/\/tps.travel\/fr\/"},{"@type":"ListItem","position":2,"name":"Forum de discussion"}]},{"@type":"WebSite","@id":"https:\/\/tps.travel\/fr\/#website","url":"https:\/\/tps.travel\/fr\/","name":"TPS","description":"TRAVEL PROFESSIONALS SWITZERLAND","publisher":{"@id":"https:\/\/tps.travel\/fr\/#organization"},"potentialAction":[{"@type":"SearchAction","target":{"@type":"EntryPoint","urlTemplate":"https:\/\/tps.travel\/fr\/?s={search_term_string}"},"query-input":{"@type":"PropertyValueSpecification","valueRequired":true,"valueName":"search_term_string"}}],"inLanguage":"fr-FR"},{"@type":"Organization","@id":"https:\/\/tps.travel\/fr\/#organization","name":"TRAVEL PROFESSIONALS SWITZERLAND","url":"https:\/\/tps.travel\/fr\/","logo":{"@type":"ImageObject","inLanguage":"fr-FR","@id":"https:\/\/tps.travel\/fr\/#\/schema\/logo\/image\/","url":"https:\/\/tps.travel\/wp-content\/uploads\/2022\/06\/logo-blau.jpg","contentUrl":"https:\/\/tps.travel\/wp-content\/uploads\/2022\/06\/logo-blau.jpg","width":580,"height":380,"caption":"TRAVEL PROFESSIONALS SWITZERLAND"},"image":{"@id":"https:\/\/tps.travel\/fr\/#\/schema\/logo\/image\/"}}]}},"_links":{"self":[{"href":"https:\/\/tps.travel\/fr\/wp-json\/wp\/v2\/pages\/4065","targetHints":{"allow":["GET"]}}],"collection":[{"href":"https:\/\/tps.travel\/fr\/wp-json\/wp\/v2\/pages"}],"about":[{"href":"https:\/\/tps.travel\/fr\/wp-json\/wp\/v2\/types\/page"}],"author":[{"embeddable":true,"href":"https:\/\/tps.travel\/fr\/wp-json\/wp\/v2\/users\/1"}],"replies":[{"embeddable":true,"href":"https:\/\/tps.travel\/fr\/wp-json\/wp\/v2\/comments?post=4065"}],"version-history":[{"count":6,"href":"https:\/\/tps.travel\/fr\/wp-json\/wp\/v2\/pages\/4065\/revisions"}],"predecessor-version":[{"id":6366,"href":"https:\/\/tps.travel\/fr\/wp-json\/wp\/v2\/pages\/4065\/revisions\/6366"}],"wp:attachment":[{"href":"https:\/\/tps.travel\/fr\/wp-json\/wp\/v2\/media?parent=4065"}],"curies":[{"name":"wp","href":"https:\/\/api.w.org\/{rel}","templated":true}]}}