{"id":422,"date":"2022-06-10T06:30:53","date_gmt":"2022-06-10T06:30:53","guid":{"rendered":"https:\/\/tps.travel\/vorstand\/"},"modified":"2025-11-18T15:28:53","modified_gmt":"2025-11-18T14:28:53","slug":"comite","status":"publish","type":"page","link":"https:\/\/tps.travel\/fr\/comite\/","title":{"rendered":"Comit\u00e9"},"content":{"rendered":"<div class=\"wpb-content-wrapper\"><p>[vc_section css=\u00a0\u00bb.vc_custom_1654815415244{background-color: #ecf4fc !important;}\u00a0\u00bb][vc_row][vc_column]<div class=\"breadcrumbs\"><label><\/label> <a href=\"https:\/\/tps.travel\/fr\/\">Home<\/a><\/div>[vc_custom_heading text=\u00a0\u00bbComit\u00e9 TPS et Direction\u00a0\u00bb font_container=\u00a0\u00bbtag:h1|text_align:left\u00a0\u00bb use_theme_fonts=\u00a0\u00bbyes\u00a0\u00bb css=\u00a0\u00bb\u00a0\u00bb][vc_single_image image=\u00a0\u00bb53397&Prime; img_size=\u00a0\u00bbfull\u00a0\u00bb css=\u00a0\u00bb\u00a0\u00bb][\/vc_column][\/vc_row][vc_row][vc_column]<div class=\"text-center team-wrapper wpb_content_element\"><div class=\"text-box\"><h2 class=\"entry-title\">Team<\/h2><\/div><div class=\"team\"><div class=\"person\"><figure class=\"img-box\" style=\"background-image: url(https:\/\/tps.travel\/wp-content\/uploads\/2022\/06\/Sonja-Laborde-TPS.jpg)\"><\/figure><h5>Sonja Laborde<\/h5><p>Co-pr\u00e9sidente TPS, Cully (VD)<\/p><ul class=\"person-contact-list\"><li class=\"item-mail\"><a href=\"mailto: sonja.laborde@tps.travel\"><i class=\"icon-mail\"><\/i><\/a><\/li><\/ul><\/div><div class=\"person\"><figure class=\"img-box\" style=\"background-image: url(https:\/\/tps.travel\/wp-content\/uploads\/2022\/09\/IMG_2234-1.jpg)\"><\/figure><h5>Kurt Eberhard<\/h5><p>Co-pr\u00e9sident TPS, Zurich (ZH)<\/p><ul class=\"person-contact-list\"><li class=\"item-mail\"><a href=\"mailto:kurt.eberhard@tps.travel \"><i class=\"icon-mail\"><\/i><\/a><\/li><\/ul><\/div><div class=\"person\"><figure class=\"img-box\" style=\"background-image: url(https:\/\/tps.travel\/wp-content\/uploads\/2023\/02\/Portraitfoto-Thomas-Althaus-1-scaled.jpg)\"><\/figure><h5>Thomas Althaus<\/h5><p>Directeur TPS, Berne (BE)<\/p><ul class=\"person-contact-list\"><li class=\"item-mail\"><a href=\"mailto:thomas.althaus@tps.travel\"><i class=\"icon-mail\"><\/i><\/a><\/li><li class=\"item-phone\"><a href=\"tel:+41 79 2169069\"><i class=\"icon-phone\"><\/i><\/a><\/li><\/ul><\/div><div class=\"person\"><figure class=\"img-box\" style=\"background-image: url(https:\/\/tps.travel\/wp-content\/uploads\/2022\/06\/Florence-Inabnit1-002.jpeg)\"><\/figure><h5>Florence In\u00e4bnit<\/h5><p>Co-propri\u00e9taire & Co-g\u00e9rante, L'Esprit du voyage, Fribourg (FR)<\/p><ul class=\"person-contact-list\"><li class=\"item-mail\"><a href=\"mailto:florence@ev-fribourg.ch\"><i class=\"icon-mail\"><\/i><\/a><\/li><\/ul><\/div><div class=\"person\"><figure class=\"img-box\" style=\"background-image: url(https:\/\/tps.travel\/wp-content\/uploads\/2025\/10\/Regula-Berlocher.png)\"><\/figure><h5>Regula B\u00e4rlocher<\/h5><p>Directrice RN Travel Services, Gen\u00e8ve (GE)<\/p><ul class=\"person-contact-list\"><li class=\"item-mail\"><a href=\"mailto:florence@ev-fribourg.ch\"><i class=\"icon-mail\"><\/i><\/a><\/li><\/ul><\/div><div class=\"person\"><figure class=\"img-box\" style=\"background-image: url(https:\/\/tps.travel\/wp-content\/uploads\/2025\/10\/Sebastian-Kickmaier.png)\"><\/figure><h5>Sebastian Kickmaier<\/h5><p>Directeur Knecht Reisen SA, Windisch (AG)<\/p><ul class=\"person-contact-list\"><li class=\"item-mail\"><a href=\"mailto:s.kickmaier@knecht-reisen.ch\"><i class=\"icon-mail\"><\/i><\/a><\/li><\/ul><\/div><div class=\"person\"><figure class=\"img-box\" style=\"background-image: url(https:\/\/tps.travel\/wp-content\/uploads\/2025\/10\/David-Lechot_24.jpg)\"><\/figure><h5>David L\u00e9chot<\/h5><p>Propri\u00e9taire & G\u00e9rant d'Indalo Space, Fribourg (FR)<\/p><ul class=\"person-contact-list\"><li class=\"item-mail\"><a href=\"mailto:david.lechot@indalo.ch\"><i class=\"icon-mail\"><\/i><\/a><\/li><\/ul><\/div><div class=\"person\"><figure class=\"img-box\" style=\"background-image: url(https:\/\/tps.travel\/wp-content\/uploads\/2022\/06\/Koni_Koelbl_Travel_Solutions.jpg)\"><\/figure><h5>Koni Koelbl<\/h5><p>Propri\u00e9taire et Directeur g\u00e9n\u00e9ral Travel Solutions, Bremgarten (BE)<\/p><ul class=\"person-contact-list\"><li class=\"item-mail\"><a href=\"mailto:koni.koelbl@travel-solutions.ch \"><i class=\"icon-mail\"><\/i><\/a><\/li><\/ul><\/div><div class=\"person\"><figure class=\"img-box\" style=\"background-image: url(https:\/\/tps.travel\/wp-content\/uploads\/2022\/06\/Michael_Mettler_Helbling.jpg)\"><\/figure><h5>Michael Mettler<\/h5><p>Propri\u00e9taire et Directeur g\u00e9n\u00e9ral de Helbling Reisen, Gossau (SG)<\/p><ul class=\"person-contact-list\"><li class=\"item-mail\"><a href=\"mailto:michael.mettler@helbling-reisen.ch \"><i class=\"icon-mail\"><\/i><\/a><\/li><\/ul><\/div><div class=\"person\"><figure class=\"img-box\" style=\"background-image: url(https:\/\/tps.travel\/wp-content\/uploads\/2022\/06\/Marcel-Gehring_LetsgoTours.jpg)\"><\/figure><h5>Marcel Gehring<\/h5><p>Co-propri\u00e9taire et Directeur g\u00e9n\u00e9ral de Let's go Tours, Schaffhouse (SH)<\/p><ul class=\"person-contact-list\"><li class=\"item-mail\"><a href=\"mailto:mgehring@letsgo.ch \"><i class=\"icon-mail\"><\/i><\/a><\/li><\/ul><\/div><div class=\"person\"><figure class=\"img-box\" style=\"background-image: url(https:\/\/tps.travel\/wp-content\/uploads\/2022\/09\/Christine-Fournier2.jpg)\"><\/figure><h5>Christine Fournier<\/h5><p>Business Office Manager TPS, Cully (VD)<\/p><ul class=\"person-contact-list\"><li class=\"item-mail\"><a href=\"mailto:sercretariat@tps.travel\"><i class=\"icon-mail\"><\/i><\/a><\/li><\/ul><\/div><div class=\"person\"><figure class=\"img-box\" style=\"background-image: url(https:\/\/tps.travel\/wp-content\/uploads\/2025\/11\/Louisa_Bordewieck_grau_250x250.jpg)\"><\/figure><h5>Louisa Bordewieck<\/h5><p>Head of Marketing & Communications TPS, Berne (BE)<\/p><ul class=\"person-contact-list\"><li class=\"item-mail\"><a href=\"mailto:louisa.bordewieck@tps.travel\"><i class=\"icon-mail\"><\/i><\/a><\/li><\/ul><\/div><\/div><\/div>[\/vc_column][\/vc_row][\/vc_section]<\/p>\n<\/div>","protected":false},"excerpt":{"rendered":"<p>[vc_section css=\u00a0\u00bb.vc_custom_1654815415244{background-color: #ecf4fc !important;}\u00a0\u00bb][vc_row][vc_column][vc_custom_heading text=\u00a0\u00bbComit\u00e9 TPS et Direction\u00a0\u00bb font_container=\u00a0\u00bbtag:h1|text_align:left\u00a0\u00bb use_theme_fonts=\u00a0\u00bbyes\u00a0\u00bb css=\u00a0\u00bb\u00a0\u00bb][vc_single_image image=\u00a0\u00bb53397&Prime; img_size=\u00a0\u00bbfull\u00a0\u00bb css=\u00a0\u00bb\u00a0\u00bb][\/vc_column][\/vc_row][vc_row][vc_column][\/vc_column][\/vc_row][\/vc_section]<\/p>\n","protected":false},"author":1,"featured_media":0,"parent":0,"menu_order":0,"comment_status":"closed","ping_status":"closed","template":"","meta":{"_acf_changed":false,"footnotes":""},"class_list":["post-422","page","type-page","status-publish","hentry"],"acf":[],"yoast_head":"<!-- This site is optimized with the Yoast SEO plugin v27.1.1 - https:\/\/yoast.com\/product\/yoast-seo-wordpress\/ -->\n<title>Comit\u00e9 &#8211; TPS<\/title>\n<meta name=\"robots\" content=\"index, follow, max-snippet:-1, max-image-preview:large, max-video-preview:-1\" \/>\n<link rel=\"canonical\" href=\"https:\/\/tps.travel\/fr\/comite\/\" \/>\n<meta property=\"og:locale\" content=\"fr_FR\" \/>\n<meta property=\"og:type\" content=\"article\" \/>\n<meta property=\"og:title\" content=\"Comit\u00e9 &#8211; TPS\" \/>\n<meta property=\"og:description\" content=\"[vc_section css=\u00a0\u00bb.vc_custom_1654815415244{background-color: #ecf4fc !important;}\u00a0\u00bb][vc_row][vc_column][vc_custom_heading text=\u00a0\u00bbComit\u00e9 TPS et Direction\u00a0\u00bb font_container=\u00a0\u00bbtag:h1|text_align:left\u00a0\u00bb use_theme_fonts=\u00a0\u00bbyes\u00a0\u00bb css=\u00a0\u00bb\u00a0\u00bb][vc_single_image image=\u00a0\u00bb53397&Prime; img_size=\u00a0\u00bbfull\u00a0\u00bb css=\u00a0\u00bb\u00a0\u00bb][\/vc_column][\/vc_row][vc_row][vc_column][\/vc_column][\/vc_row][\/vc_section]\" \/>\n<meta property=\"og:url\" content=\"https:\/\/tps.travel\/fr\/comite\/\" \/>\n<meta property=\"og:site_name\" content=\"TPS\" \/>\n<meta property=\"article:modified_time\" content=\"2025-11-18T14:28:53+00:00\" \/>\n<meta property=\"og:image\" content=\"https:\/\/tps.travel\/wp-content\/uploads\/2022\/06\/logo-blau.jpg\" \/>\n\t<meta property=\"og:image:width\" content=\"580\" \/>\n\t<meta property=\"og:image:height\" content=\"380\" \/>\n\t<meta property=\"og:image:type\" content=\"image\/jpeg\" \/>\n<meta name=\"twitter:card\" content=\"summary_large_image\" \/>\n<meta name=\"twitter:label1\" content=\"Dur\u00e9e de lecture estim\u00e9e\" \/>\n\t<meta name=\"twitter:data1\" content=\"1 minute\" \/>\n<script type=\"application\/ld+json\" class=\"yoast-schema-graph\">{\"@context\":\"https:\/\/schema.org\",\"@graph\":[{\"@type\":\"WebPage\",\"@id\":\"https:\/\/tps.travel\/fr\/comite\/\",\"url\":\"https:\/\/tps.travel\/fr\/comite\/\",\"name\":\"Comit\u00e9 &#8211; TPS\",\"isPartOf\":{\"@id\":\"https:\/\/tps.travel\/fr\/#website\"},\"datePublished\":\"2022-06-10T06:30:53+00:00\",\"dateModified\":\"2025-11-18T14:28:53+00:00\",\"breadcrumb\":{\"@id\":\"https:\/\/tps.travel\/fr\/comite\/#breadcrumb\"},\"inLanguage\":\"fr-FR\",\"potentialAction\":[{\"@type\":\"ReadAction\",\"target\":[\"https:\/\/tps.travel\/fr\/comite\/\"]}]},{\"@type\":\"BreadcrumbList\",\"@id\":\"https:\/\/tps.travel\/fr\/comite\/#breadcrumb\",\"itemListElement\":[{\"@type\":\"ListItem\",\"position\":1,\"name\":\"Home\",\"item\":\"https:\/\/tps.travel\/fr\/\"},{\"@type\":\"ListItem\",\"position\":2,\"name\":\"Comit\u00e9\"}]},{\"@type\":\"WebSite\",\"@id\":\"https:\/\/tps.travel\/fr\/#website\",\"url\":\"https:\/\/tps.travel\/fr\/\",\"name\":\"TPS\",\"description\":\"TRAVEL PROFESSIONALS SWITZERLAND\",\"publisher\":{\"@id\":\"https:\/\/tps.travel\/fr\/#organization\"},\"potentialAction\":[{\"@type\":\"SearchAction\",\"target\":{\"@type\":\"EntryPoint\",\"urlTemplate\":\"https:\/\/tps.travel\/fr\/?s={search_term_string}\"},\"query-input\":{\"@type\":\"PropertyValueSpecification\",\"valueRequired\":true,\"valueName\":\"search_term_string\"}}],\"inLanguage\":\"fr-FR\"},{\"@type\":\"Organization\",\"@id\":\"https:\/\/tps.travel\/fr\/#organization\",\"name\":\"TRAVEL PROFESSIONALS SWITZERLAND\",\"url\":\"https:\/\/tps.travel\/fr\/\",\"logo\":{\"@type\":\"ImageObject\",\"inLanguage\":\"fr-FR\",\"@id\":\"https:\/\/tps.travel\/fr\/#\/schema\/logo\/image\/\",\"url\":\"https:\/\/tps.travel\/wp-content\/uploads\/2022\/06\/logo-blau.jpg\",\"contentUrl\":\"https:\/\/tps.travel\/wp-content\/uploads\/2022\/06\/logo-blau.jpg\",\"width\":580,\"height\":380,\"caption\":\"TRAVEL PROFESSIONALS SWITZERLAND\"},\"image\":{\"@id\":\"https:\/\/tps.travel\/fr\/#\/schema\/logo\/image\/\"}}]}<\/script>\n<!-- \/ Yoast SEO plugin. -->","yoast_head_json":{"title":"Comit\u00e9 &#8211; TPS","robots":{"index":"index","follow":"follow","max-snippet":"max-snippet:-1","max-image-preview":"max-image-preview:large","max-video-preview":"max-video-preview:-1"},"canonical":"https:\/\/tps.travel\/fr\/comite\/","og_locale":"fr_FR","og_type":"article","og_title":"Comit\u00e9 &#8211; TPS","og_description":"[vc_section css=\u00a0\u00bb.vc_custom_1654815415244{background-color: #ecf4fc !important;}\u00a0\u00bb][vc_row][vc_column][vc_custom_heading text=\u00a0\u00bbComit\u00e9 TPS et Direction\u00a0\u00bb font_container=\u00a0\u00bbtag:h1|text_align:left\u00a0\u00bb use_theme_fonts=\u00a0\u00bbyes\u00a0\u00bb css=\u00a0\u00bb\u00a0\u00bb][vc_single_image image=\u00a0\u00bb53397&Prime; img_size=\u00a0\u00bbfull\u00a0\u00bb css=\u00a0\u00bb\u00a0\u00bb][\/vc_column][\/vc_row][vc_row][vc_column][\/vc_column][\/vc_row][\/vc_section]","og_url":"https:\/\/tps.travel\/fr\/comite\/","og_site_name":"TPS","article_modified_time":"2025-11-18T14:28:53+00:00","og_image":[{"width":580,"height":380,"url":"https:\/\/tps.travel\/wp-content\/uploads\/2022\/06\/logo-blau.jpg","type":"image\/jpeg"}],"twitter_card":"summary_large_image","twitter_misc":{"Dur\u00e9e de lecture estim\u00e9e":"1 minute"},"schema":{"@context":"https:\/\/schema.org","@graph":[{"@type":"WebPage","@id":"https:\/\/tps.travel\/fr\/comite\/","url":"https:\/\/tps.travel\/fr\/comite\/","name":"Comit\u00e9 &#8211; TPS","isPartOf":{"@id":"https:\/\/tps.travel\/fr\/#website"},"datePublished":"2022-06-10T06:30:53+00:00","dateModified":"2025-11-18T14:28:53+00:00","breadcrumb":{"@id":"https:\/\/tps.travel\/fr\/comite\/#breadcrumb"},"inLanguage":"fr-FR","potentialAction":[{"@type":"ReadAction","target":["https:\/\/tps.travel\/fr\/comite\/"]}]},{"@type":"BreadcrumbList","@id":"https:\/\/tps.travel\/fr\/comite\/#breadcrumb","itemListElement":[{"@type":"ListItem","position":1,"name":"Home","item":"https:\/\/tps.travel\/fr\/"},{"@type":"ListItem","position":2,"name":"Comit\u00e9"}]},{"@type":"WebSite","@id":"https:\/\/tps.travel\/fr\/#website","url":"https:\/\/tps.travel\/fr\/","name":"TPS","description":"TRAVEL PROFESSIONALS SWITZERLAND","publisher":{"@id":"https:\/\/tps.travel\/fr\/#organization"},"potentialAction":[{"@type":"SearchAction","target":{"@type":"EntryPoint","urlTemplate":"https:\/\/tps.travel\/fr\/?s={search_term_string}"},"query-input":{"@type":"PropertyValueSpecification","valueRequired":true,"valueName":"search_term_string"}}],"inLanguage":"fr-FR"},{"@type":"Organization","@id":"https:\/\/tps.travel\/fr\/#organization","name":"TRAVEL PROFESSIONALS SWITZERLAND","url":"https:\/\/tps.travel\/fr\/","logo":{"@type":"ImageObject","inLanguage":"fr-FR","@id":"https:\/\/tps.travel\/fr\/#\/schema\/logo\/image\/","url":"https:\/\/tps.travel\/wp-content\/uploads\/2022\/06\/logo-blau.jpg","contentUrl":"https:\/\/tps.travel\/wp-content\/uploads\/2022\/06\/logo-blau.jpg","width":580,"height":380,"caption":"TRAVEL PROFESSIONALS SWITZERLAND"},"image":{"@id":"https:\/\/tps.travel\/fr\/#\/schema\/logo\/image\/"}}]}},"_links":{"self":[{"href":"https:\/\/tps.travel\/fr\/wp-json\/wp\/v2\/pages\/422","targetHints":{"allow":["GET"]}}],"collection":[{"href":"https:\/\/tps.travel\/fr\/wp-json\/wp\/v2\/pages"}],"about":[{"href":"https:\/\/tps.travel\/fr\/wp-json\/wp\/v2\/types\/page"}],"author":[{"embeddable":true,"href":"https:\/\/tps.travel\/fr\/wp-json\/wp\/v2\/users\/1"}],"replies":[{"embeddable":true,"href":"https:\/\/tps.travel\/fr\/wp-json\/wp\/v2\/comments?post=422"}],"version-history":[{"count":34,"href":"https:\/\/tps.travel\/fr\/wp-json\/wp\/v2\/pages\/422\/revisions"}],"predecessor-version":[{"id":55533,"href":"https:\/\/tps.travel\/fr\/wp-json\/wp\/v2\/pages\/422\/revisions\/55533"}],"wp:attachment":[{"href":"https:\/\/tps.travel\/fr\/wp-json\/wp\/v2\/media?parent=422"}],"curies":[{"name":"wp","href":"https:\/\/api.w.org\/{rel}","templated":true}]}}