{"id":5273,"date":"2022-08-31T22:30:52","date_gmt":"2022-08-31T20:30:52","guid":{"rendered":"https:\/\/tps.travel\/mitgliederbeitraege\/"},"modified":"2024-04-23T08:53:20","modified_gmt":"2024-04-23T06:53:20","slug":"contributions-des-membres","status":"publish","type":"page","link":"https:\/\/tps.travel\/fr\/contributions-des-membres\/","title":{"rendered":"Contributions des membres"},"content":{"rendered":"<div class=\"wpb-content-wrapper\"><p>[vc_section el_class=\u00a0\u00bbbg-9&Prime;][vc_row][vc_column]<div class=\"breadcrumbs\"><label><\/label> <a href=\"https:\/\/tps.travel\/fr\/\">Home<\/a><\/div><div class=\"stories-wrapper wpb_content_element\"><h1 class=\"entry-title text-center\">Contributions des membres<\/h1><div class=\"stories-slider news-list\"><div id=\"post-43041\" class=\"post-43041 story type-story status-publish has-post-thumbnail hentry category-actualites-tps\"><a href=\"https:\/\/tps.travel\/fr\/story\/votre-specialiste-pour-des-voyages-au-maroc-1\/\"><figure class=\"img-box\" style=\"background-image: url(https:\/\/tps.travel\/wp-content\/uploads\/2024\/12\/IMG_9082-scaled.jpg)\"><\/figure><\/a><div class=\"text-box\"><div class=\"post-meta\">Derni\u00e8re mise \u00e0 jour : 23.12.2024<\/div><h4 class=\"entry-title\"><a href=\"https:\/\/tps.travel\/fr\/story\/votre-specialiste-pour-des-voyages-au-maroc-1\/\">Votre sp\u00e9cialiste pour des voyages au Maroc<\/a><\/h4><div><p>Votre sp\u00e9cialiste pour des voyages au Maroc.\nC\u00f4t\u00e9 Voyages Martigny vous propose de d\u00e9couvrir le Maroc.\u00a0 En 2001 j\u2019ai eu.<\/p><a href=\"https:\/\/tps.travel\/fr\/story\/votre-specialiste-pour-des-voyages-au-maroc-1\/\" class=\"more-link\">D\u00e9tails<\/a><\/div><\/div><\/div><div id=\"post-10238\" class=\"post-10238 story type-story status-publish has-post-thumbnail hentry\"><a href=\"https:\/\/tps.travel\/fr\/story\/terres-sauvages-sa-safaris-du-monde-1\/\"><figure class=\"img-box\" style=\"background-image: url(https:\/\/tps.travel\/wp-content\/uploads\/2022\/12\/TERRES_SAUVAGES_BLANC-1200X1200.jpg)\"><\/figure><\/a><div class=\"text-box\"><div class=\"post-meta\">Derni\u00e8re mise \u00e0 jour : 07.12.2022<\/div><h4 class=\"entry-title\"><a href=\"https:\/\/tps.travel\/fr\/story\/terres-sauvages-sa-safaris-du-monde-1\/\">TERRES SAUVAGES SA &#8211; SAFARIS DU MONDE<\/a><\/h4><div><p>.<\/p><a href=\"https:\/\/tps.travel\/fr\/story\/terres-sauvages-sa-safaris-du-monde-1\/\" class=\"more-link\">D\u00e9tails<\/a><\/div><\/div><\/div><div id=\"post-7477\" class=\"post-7477 story type-story status-publish has-post-thumbnail hentry\"><a href=\"https:\/\/tps.travel\/fr\/story\/lausanne-voyages-1\/\"><figure class=\"img-box\" style=\"background-image: url(https:\/\/tps.travel\/wp-content\/uploads\/2022\/10\/GDLV_Logo-1-1.jpg)\"><\/figure><\/a><div class=\"text-box\"><div class=\"post-meta\">Derni\u00e8re mise \u00e0 jour : 14.10.2022<\/div><h4 class=\"entry-title\"><a href=\"https:\/\/tps.travel\/fr\/story\/lausanne-voyages-1\/\">Lausanne Voyages<\/a><\/h4><div><p>Laissez donc aux professionnels la t\u00e2che de prendre soin de vous.\n\n\nAlors qu&rsquo;il n&rsquo;a jamais \u00e9t\u00e9 aussi simple de r\u00e9server.<\/p><a href=\"https:\/\/tps.travel\/fr\/story\/lausanne-voyages-1\/\" class=\"more-link\">D\u00e9tails<\/a><\/div><\/div><\/div><div id=\"post-5688\" class=\"post-5688 story type-story status-publish has-post-thumbnail hentry category-partage-dexperiences\"><a href=\"https:\/\/tps.travel\/fr\/story\/die-reisezukunft-beginnt-in-gossau-1\/\"><figure class=\"img-box\" style=\"background-image: url(https:\/\/tps.travel\/wp-content\/uploads\/2022\/09\/2022.06.28_Ansicht-fuer-newsletter2-2-scaled.jpg)\"><\/figure><\/a><div class=\"text-box\"><div class=\"post-meta\">Derni\u00e8re mise \u00e0 jour : 06.09.2022<\/div><h4 class=\"entry-title\"><a href=\"https:\/\/tps.travel\/fr\/story\/die-reisezukunft-beginnt-in-gossau-1\/\">Die Reisezukunft beginnt in Gossau<\/a><\/h4><div><p>La pand\u00e9mie a durement touch\u00e9 l&rsquo;industrie du voyage. En ces temps agit\u00e9s, de nombreuses entreprises ont atteint les limites.<\/p><a href=\"https:\/\/tps.travel\/fr\/story\/die-reisezukunft-beginnt-in-gossau-1\/\" class=\"more-link\">D\u00e9tails<\/a><\/div><\/div><\/div><\/div><\/div>[\/vc_column][\/vc_row][\/vc_section]<\/p>\n<\/div>","protected":false},"excerpt":{"rendered":"<p>[vc_section el_class=\u00a0\u00bbbg-9&Prime;][vc_row][vc_column][\/vc_column][\/vc_row][\/vc_section]<\/p>\n","protected":false},"author":1,"featured_media":0,"parent":0,"menu_order":0,"comment_status":"closed","ping_status":"closed","template":"","meta":{"_acf_changed":false,"footnotes":""},"class_list":["post-5273","page","type-page","status-publish","hentry"],"acf":[],"yoast_head":"<!-- This site is optimized with the Yoast SEO plugin v27.1.1 - https:\/\/yoast.com\/product\/yoast-seo-wordpress\/ -->\n<title>Contributions des membres &#8211; TPS<\/title>\n<meta name=\"robots\" content=\"index, follow, max-snippet:-1, max-image-preview:large, max-video-preview:-1\" \/>\n<link rel=\"canonical\" href=\"https:\/\/tps.travel\/fr\/contributions-des-membres\/\" \/>\n<meta property=\"og:locale\" content=\"fr_FR\" \/>\n<meta property=\"og:type\" content=\"article\" \/>\n<meta property=\"og:title\" content=\"Contributions des membres &#8211; TPS\" \/>\n<meta property=\"og:description\" content=\"[vc_section el_class=\u00a0\u00bbbg-9&Prime;][vc_row][vc_column][\/vc_column][\/vc_row][\/vc_section]\" \/>\n<meta property=\"og:url\" content=\"https:\/\/tps.travel\/fr\/contributions-des-membres\/\" \/>\n<meta property=\"og:site_name\" content=\"TPS\" \/>\n<meta property=\"article:modified_time\" content=\"2024-04-23T06:53:20+00:00\" \/>\n<meta property=\"og:image\" content=\"https:\/\/tps.travel\/wp-content\/uploads\/2022\/06\/logo-blau.jpg\" \/>\n\t<meta property=\"og:image:width\" content=\"580\" \/>\n\t<meta property=\"og:image:height\" content=\"380\" \/>\n\t<meta property=\"og:image:type\" content=\"image\/jpeg\" \/>\n<meta name=\"twitter:card\" content=\"summary_large_image\" \/>\n<meta name=\"twitter:label1\" content=\"Dur\u00e9e de lecture estim\u00e9e\" \/>\n\t<meta name=\"twitter:data1\" content=\"1 minute\" \/>\n<script type=\"application\/ld+json\" class=\"yoast-schema-graph\">{\"@context\":\"https:\/\/schema.org\",\"@graph\":[{\"@type\":\"WebPage\",\"@id\":\"https:\/\/tps.travel\/fr\/contributions-des-membres\/\",\"url\":\"https:\/\/tps.travel\/fr\/contributions-des-membres\/\",\"name\":\"Contributions des membres &#8211; TPS\",\"isPartOf\":{\"@id\":\"https:\/\/tps.travel\/fr\/#website\"},\"datePublished\":\"2022-08-31T20:30:52+00:00\",\"dateModified\":\"2024-04-23T06:53:20+00:00\",\"breadcrumb\":{\"@id\":\"https:\/\/tps.travel\/fr\/contributions-des-membres\/#breadcrumb\"},\"inLanguage\":\"fr-FR\",\"potentialAction\":[{\"@type\":\"ReadAction\",\"target\":[\"https:\/\/tps.travel\/fr\/contributions-des-membres\/\"]}]},{\"@type\":\"BreadcrumbList\",\"@id\":\"https:\/\/tps.travel\/fr\/contributions-des-membres\/#breadcrumb\",\"itemListElement\":[{\"@type\":\"ListItem\",\"position\":1,\"name\":\"Home\",\"item\":\"https:\/\/tps.travel\/fr\/\"},{\"@type\":\"ListItem\",\"position\":2,\"name\":\"Contributions des membres\"}]},{\"@type\":\"WebSite\",\"@id\":\"https:\/\/tps.travel\/fr\/#website\",\"url\":\"https:\/\/tps.travel\/fr\/\",\"name\":\"TPS\",\"description\":\"TRAVEL PROFESSIONALS SWITZERLAND\",\"publisher\":{\"@id\":\"https:\/\/tps.travel\/fr\/#organization\"},\"potentialAction\":[{\"@type\":\"SearchAction\",\"target\":{\"@type\":\"EntryPoint\",\"urlTemplate\":\"https:\/\/tps.travel\/fr\/?s={search_term_string}\"},\"query-input\":{\"@type\":\"PropertyValueSpecification\",\"valueRequired\":true,\"valueName\":\"search_term_string\"}}],\"inLanguage\":\"fr-FR\"},{\"@type\":\"Organization\",\"@id\":\"https:\/\/tps.travel\/fr\/#organization\",\"name\":\"TRAVEL PROFESSIONALS SWITZERLAND\",\"url\":\"https:\/\/tps.travel\/fr\/\",\"logo\":{\"@type\":\"ImageObject\",\"inLanguage\":\"fr-FR\",\"@id\":\"https:\/\/tps.travel\/fr\/#\/schema\/logo\/image\/\",\"url\":\"https:\/\/tps.travel\/wp-content\/uploads\/2022\/06\/logo-blau.jpg\",\"contentUrl\":\"https:\/\/tps.travel\/wp-content\/uploads\/2022\/06\/logo-blau.jpg\",\"width\":580,\"height\":380,\"caption\":\"TRAVEL PROFESSIONALS SWITZERLAND\"},\"image\":{\"@id\":\"https:\/\/tps.travel\/fr\/#\/schema\/logo\/image\/\"}}]}<\/script>\n<!-- \/ Yoast SEO plugin. -->","yoast_head_json":{"title":"Contributions des membres &#8211; TPS","robots":{"index":"index","follow":"follow","max-snippet":"max-snippet:-1","max-image-preview":"max-image-preview:large","max-video-preview":"max-video-preview:-1"},"canonical":"https:\/\/tps.travel\/fr\/contributions-des-membres\/","og_locale":"fr_FR","og_type":"article","og_title":"Contributions des membres &#8211; TPS","og_description":"[vc_section el_class=\u00a0\u00bbbg-9&Prime;][vc_row][vc_column][\/vc_column][\/vc_row][\/vc_section]","og_url":"https:\/\/tps.travel\/fr\/contributions-des-membres\/","og_site_name":"TPS","article_modified_time":"2024-04-23T06:53:20+00:00","og_image":[{"width":580,"height":380,"url":"https:\/\/tps.travel\/wp-content\/uploads\/2022\/06\/logo-blau.jpg","type":"image\/jpeg"}],"twitter_card":"summary_large_image","twitter_misc":{"Dur\u00e9e de lecture estim\u00e9e":"1 minute"},"schema":{"@context":"https:\/\/schema.org","@graph":[{"@type":"WebPage","@id":"https:\/\/tps.travel\/fr\/contributions-des-membres\/","url":"https:\/\/tps.travel\/fr\/contributions-des-membres\/","name":"Contributions des membres &#8211; TPS","isPartOf":{"@id":"https:\/\/tps.travel\/fr\/#website"},"datePublished":"2022-08-31T20:30:52+00:00","dateModified":"2024-04-23T06:53:20+00:00","breadcrumb":{"@id":"https:\/\/tps.travel\/fr\/contributions-des-membres\/#breadcrumb"},"inLanguage":"fr-FR","potentialAction":[{"@type":"ReadAction","target":["https:\/\/tps.travel\/fr\/contributions-des-membres\/"]}]},{"@type":"BreadcrumbList","@id":"https:\/\/tps.travel\/fr\/contributions-des-membres\/#breadcrumb","itemListElement":[{"@type":"ListItem","position":1,"name":"Home","item":"https:\/\/tps.travel\/fr\/"},{"@type":"ListItem","position":2,"name":"Contributions des membres"}]},{"@type":"WebSite","@id":"https:\/\/tps.travel\/fr\/#website","url":"https:\/\/tps.travel\/fr\/","name":"TPS","description":"TRAVEL PROFESSIONALS SWITZERLAND","publisher":{"@id":"https:\/\/tps.travel\/fr\/#organization"},"potentialAction":[{"@type":"SearchAction","target":{"@type":"EntryPoint","urlTemplate":"https:\/\/tps.travel\/fr\/?s={search_term_string}"},"query-input":{"@type":"PropertyValueSpecification","valueRequired":true,"valueName":"search_term_string"}}],"inLanguage":"fr-FR"},{"@type":"Organization","@id":"https:\/\/tps.travel\/fr\/#organization","name":"TRAVEL PROFESSIONALS SWITZERLAND","url":"https:\/\/tps.travel\/fr\/","logo":{"@type":"ImageObject","inLanguage":"fr-FR","@id":"https:\/\/tps.travel\/fr\/#\/schema\/logo\/image\/","url":"https:\/\/tps.travel\/wp-content\/uploads\/2022\/06\/logo-blau.jpg","contentUrl":"https:\/\/tps.travel\/wp-content\/uploads\/2022\/06\/logo-blau.jpg","width":580,"height":380,"caption":"TRAVEL PROFESSIONALS SWITZERLAND"},"image":{"@id":"https:\/\/tps.travel\/fr\/#\/schema\/logo\/image\/"}}]}},"_links":{"self":[{"href":"https:\/\/tps.travel\/fr\/wp-json\/wp\/v2\/pages\/5273","targetHints":{"allow":["GET"]}}],"collection":[{"href":"https:\/\/tps.travel\/fr\/wp-json\/wp\/v2\/pages"}],"about":[{"href":"https:\/\/tps.travel\/fr\/wp-json\/wp\/v2\/types\/page"}],"author":[{"embeddable":true,"href":"https:\/\/tps.travel\/fr\/wp-json\/wp\/v2\/users\/1"}],"replies":[{"embeddable":true,"href":"https:\/\/tps.travel\/fr\/wp-json\/wp\/v2\/comments?post=5273"}],"version-history":[{"count":3,"href":"https:\/\/tps.travel\/fr\/wp-json\/wp\/v2\/pages\/5273\/revisions"}],"predecessor-version":[{"id":29197,"href":"https:\/\/tps.travel\/fr\/wp-json\/wp\/v2\/pages\/5273\/revisions\/29197"}],"wp:attachment":[{"href":"https:\/\/tps.travel\/fr\/wp-json\/wp\/v2\/media?parent=5273"}],"curies":[{"name":"wp","href":"https:\/\/api.w.org\/{rel}","templated":true}]}}